{"id":101,"date":"2021-02-02T17:52:13","date_gmt":"2021-02-02T16:52:13","guid":{"rendered":"http:\/\/lernzirkel-nachhilfe.de\/?page_id=101"},"modified":"2026-04-28T21:34:40","modified_gmt":"2026-04-28T20:34:40","slug":"online-anmeldung-zur-lernzirkel-nachhilfe","status":"publish","type":"page","link":"https:\/\/lernzirkel-nachhilfe.de\/?page_id=101","title":{"rendered":"Anmeldeformular"},"content":{"rendered":"\n<p><strong>Einfach-Schnell-unkompliziert<\/strong><\/p>\n\n\n\n<p>Mit dem nachfolgendem Formular k\u00f6nnen Sie sich ganz einfach und schnell zu unserer erfolgreichen Nachhilfe anmelden.<\/p>\n\n\n\n<p><strong>Wie funktioniert die Online Anmeldung?<\/strong><\/p>\n\n\n\n<ul class=\"wp-block-list\">\n<li>nur das untenstehende Formular ausf\u00fcllen<\/li>\n\n\n\n<li>Sie erhalten von uns einen Terminvorschlag bzw. eine Best\u00e4tigung einen ihrer vorgeschlagenen Termine.<\/li>\n\n\n\n<li>f\u00fcr die einfache Abrechnung erhalten Sie vor der ersten Unterrichtsstunde ein Formular zur SEPA-Basislastschrift, das Sie bitte unterschrieben zur\u00fcckschicken.<\/li>\n<\/ul>\n\n\n\n<p>Bei Fragen oder f\u00fcr weitere Informationen k\u00f6nnen Sie uns gerne direkt per E-Mail oder telefonisch ansprechen.<\/p>\n\n\n\n<p>Felder mit \u201c*\u201c m\u00fcssen f\u00fcr unsere Bearbeitung ausgef\u00fcllt werden.<\/p>\n\n\n\n<div class=\"wp-block-contact-form-7-contact-form-selector\">\n<div class=\"wpcf7 no-js\" id=\"wpcf7-f100-o1\" lang=\"de-DE\" dir=\"ltr\" data-wpcf7-id=\"100\">\n<div class=\"screen-reader-response\"><p role=\"status\" aria-live=\"polite\" aria-atomic=\"true\"><\/p> <ul><\/ul><\/div>\n<form action=\"\/index.php?rest_route=%2Fwp%2Fv2%2Fpages%2F101#wpcf7-f100-o1\" method=\"post\" class=\"wpcf7-form init\" aria-label=\"Kontaktformular\" novalidate=\"novalidate\" data-status=\"init\">\n<fieldset class=\"hidden-fields-container\"><input type=\"hidden\" name=\"_wpcf7\" value=\"100\" \/><input type=\"hidden\" name=\"_wpcf7_version\" value=\"6.1.4\" \/><input type=\"hidden\" name=\"_wpcf7_locale\" value=\"de_DE\" \/><input type=\"hidden\" name=\"_wpcf7_unit_tag\" value=\"wpcf7-f100-o1\" \/><input type=\"hidden\" name=\"_wpcf7_container_post\" value=\"0\" \/><input type=\"hidden\" name=\"_wpcf7_posted_data_hash\" value=\"\" \/>\n<\/fieldset>\n<p><label> Vorname, Nachname des Kindes*<br \/>\n<span class=\"wpcf7-form-control-wrap\" data-name=\"reg-child\"><input size=\"40\" maxlength=\"400\" class=\"wpcf7-form-control wpcf7-text wpcf7-validates-as-required\" aria-required=\"true\" aria-invalid=\"false\" value=\"\" type=\"text\" name=\"reg-child\" \/><\/span> <\/label>\n<\/p>\n<p><label> Vorname, Nachname des Erziehungsberechtigten*<br \/>\n<span class=\"wpcf7-form-control-wrap\" data-name=\"reg-name\"><input size=\"40\" maxlength=\"400\" class=\"wpcf7-form-control wpcf7-text wpcf7-validates-as-required\" aria-required=\"true\" aria-invalid=\"false\" value=\"\" type=\"text\" name=\"reg-name\" \/><\/span> <\/label>\n<\/p>\n<p><label> E-Mail-Adresse*<br \/>\n<span class=\"wpcf7-form-control-wrap\" data-name=\"reg-mail\"><input size=\"40\" maxlength=\"400\" class=\"wpcf7-form-control wpcf7-email wpcf7-validates-as-required wpcf7-text wpcf7-validates-as-email\" aria-required=\"true\" aria-invalid=\"false\" value=\"\" type=\"email\" name=\"reg-mail\" \/><\/span> <\/label>\n<\/p>\n<p><label> Stra\u00dfe, Hausnummer*<br \/>\n<span class=\"wpcf7-form-control-wrap\" data-name=\"reg-street\"><input size=\"40\" maxlength=\"400\" class=\"wpcf7-form-control wpcf7-text wpcf7-validates-as-required\" aria-required=\"true\" aria-invalid=\"false\" value=\"\" type=\"text\" name=\"reg-street\" \/><\/span> <\/label>\n<\/p>\n<p><label> PLZ, Wohnort*<br \/>\n<span class=\"wpcf7-form-control-wrap\" data-name=\"reg-city\"><input size=\"40\" maxlength=\"400\" class=\"wpcf7-form-control wpcf7-text wpcf7-validates-as-required\" aria-required=\"true\" aria-invalid=\"false\" value=\"\" type=\"text\" name=\"reg-city\" \/><\/span> <\/label>\n<\/p>\n<p><label> Telefonnummer*<br \/>\n<span class=\"wpcf7-form-control-wrap\" data-name=\"reg-tel\"><input size=\"40\" maxlength=\"400\" class=\"wpcf7-form-control wpcf7-tel wpcf7-validates-as-required wpcf7-text wpcf7-validates-as-tel\" aria-required=\"true\" aria-invalid=\"false\" value=\"\" type=\"tel\" name=\"reg-tel\" \/><\/span> <\/label>\n<\/p>\n<p><label> Anmeldung zum*<br \/>\n<span class=\"wpcf7-form-control-wrap\" data-name=\"reg-date\"><input class=\"wpcf7-form-control wpcf7-date wpcf7-validates-as-required wpcf7-validates-as-date\" aria-required=\"true\" aria-invalid=\"false\" value=\"\" type=\"date\" name=\"reg-date\" \/><\/span> <\/label>\n<\/p>\n<p><label> Schulform* <\/label><br \/>\n<span class=\"wpcf7-form-control-wrap\" data-name=\"reg-school\"><select class=\"wpcf7-form-control wpcf7-select wpcf7-validates-as-required\" aria-required=\"true\" aria-invalid=\"false\" name=\"reg-school\"><option value=\"\">&#8211; Bitte ausw\u00e4hlen &#8211;<\/option><option value=\"Grundschule\">Grundschule<\/option><option value=\"Ganztagsschule\">Ganztagsschule<\/option><option value=\"Gesamtschule\">Gesamtschule<\/option><option value=\"Hauptschule\">Hauptschule<\/option><option value=\"Realschule\">Realschule<\/option><option value=\"Sekundarschule\">Sekundarschule<\/option><option value=\"Gymnasium\">Gymnasium<\/option><option value=\"Spezialschule\">Spezialschule<\/option><option value=\"F\u00f6rderschule\">F\u00f6rderschule<\/option><option value=\"Sonstiges\">Sonstiges<\/option><\/select><\/span>\n<\/p>\n<p><label> Klassenstufe<br \/>\n<span class=\"wpcf7-form-control-wrap\" data-name=\"reg-class\"><input class=\"wpcf7-form-control wpcf7-number wpcf7-validates-as-number\" min=\"1\" max=\"13\" aria-invalid=\"false\" value=\"\" type=\"number\" name=\"reg-class\" \/><\/span> <\/label>\n<\/p>\n<p><label> M\u00f6gliche Nachhilfetermine (Wochentag, Uhrzeit)<br \/>\n<span class=\"wpcf7-form-control-wrap\" data-name=\"reg-daytime\"><textarea cols=\"40\" rows=\"10\" maxlength=\"2000\" class=\"wpcf7-form-control wpcf7-textarea\" aria-invalid=\"false\" name=\"reg-daytime\"><\/textarea><\/span> <\/label>\n<\/p>\n<p><label> Unterrichtsform <\/label><br \/>\n<span class=\"wpcf7-form-control-wrap\" data-name=\"reg-form\"><span class=\"wpcf7-form-control wpcf7-radio\"><span class=\"wpcf7-list-item first\"><label><input type=\"radio\" name=\"reg-form\" value=\"Unterricht im Institut (Lernzirkel)\" checked=\"checked\" \/><span class=\"wpcf7-list-item-label\">Unterricht im Institut (Lernzirkel)<\/span><\/label><\/span><span class=\"wpcf7-list-item last\"><label><input type=\"radio\" name=\"reg-form\" value=\"Online-Nachhilfe (\u00fcber Microsoft Teams)\" \/><span class=\"wpcf7-list-item-label\">Online-Nachhilfe (\u00fcber Microsoft Teams)<\/span><\/label><\/span><\/span><\/span>\n<\/p>\n<p><label> Unterrichtstyp <\/label><br \/>\n<span class=\"wpcf7-form-control-wrap\" data-name=\"reg-type\"><span class=\"wpcf7-form-control wpcf7-radio\"><span class=\"wpcf7-list-item first\"><label><input type=\"radio\" name=\"reg-type\" value=\"Einzelunterricht 1 mal pro Woche 45 Minuten f\u00fcr 100 \u20ac pro Monat\" checked=\"checked\" \/><span class=\"wpcf7-list-item-label\">Einzelunterricht 1 mal pro Woche 45 Minuten f\u00fcr 100 \u20ac pro Monat<\/span><\/label><\/span><span class=\"wpcf7-list-item\"><label><input type=\"radio\" name=\"reg-type\" value=\"Einzelunterricht 2 mal pro Woche f\u00fcr je 45 Minuten f\u00fcr 180 \u20ac pro Monat\" \/><span class=\"wpcf7-list-item-label\">Einzelunterricht 2 mal pro Woche f\u00fcr je 45 Minuten f\u00fcr 180 \u20ac pro Monat<\/span><\/label><\/span><span class=\"wpcf7-list-item\"><label><input type=\"radio\" name=\"reg-type\" value=\"Einzelunterricht 3 mal pro Woche f\u00fcr je 45 Minuten f\u00fcr 250 \u20ac pro Monat\" \/><span class=\"wpcf7-list-item-label\">Einzelunterricht 3 mal pro Woche f\u00fcr je 45 Minuten f\u00fcr 250 \u20ac pro Monat<\/span><\/label><\/span><span class=\"wpcf7-list-item\"><label><input type=\"radio\" name=\"reg-type\" value=\"Gruppenunterricht 1 mal pro Woche 90 Minuten f\u00fcr 100 \u20ac pro Monat\" \/><span class=\"wpcf7-list-item-label\">Gruppenunterricht 1 mal pro Woche 90 Minuten f\u00fcr 100 \u20ac pro Monat<\/span><\/label><\/span><span class=\"wpcf7-list-item\"><label><input type=\"radio\" name=\"reg-type\" value=\"Gruppenunterricht 2 mal pro Woche 90 Minuten f\u00fcr 175 \u20ac pro Monat\" \/><span class=\"wpcf7-list-item-label\">Gruppenunterricht 2 mal pro Woche 90 Minuten f\u00fcr 175 \u20ac pro Monat<\/span><\/label><\/span><span class=\"wpcf7-list-item last\"><label><input type=\"radio\" name=\"reg-type\" value=\"Gruppenunterricht 3 mal pro Woche 90 Minuten f\u00fcr 245 \u20ac pro Monat\" \/><span class=\"wpcf7-list-item-label\">Gruppenunterricht 3 mal pro Woche 90 Minuten f\u00fcr 245 \u20ac pro Monat<\/span><\/label><\/span><\/span><\/span>\n<\/p>\n<p><span class=\"wpcf7-form-control-wrap\" data-name=\"reg-check\"><span class=\"wpcf7-form-control wpcf7-checkbox wpcf7-validates-as-required\"><span class=\"wpcf7-list-item first last\"><label><input type=\"checkbox\" name=\"reg-check[]\" value=\"Durch die Anmeldung best\u00e4tigen Sie, dass Sie mit den Allgemeinen Gesch\u00e4ftsbedingungen von Lernzirkel Nachhilfe &amp; Hausaufgabenbetreuung einverstanden sind.\" \/><span class=\"wpcf7-list-item-label\">Durch die Anmeldung best\u00e4tigen Sie, dass Sie mit den Allgemeinen Gesch\u00e4ftsbedingungen von Lernzirkel Nachhilfe &amp; Hausaufgabenbetreuung einverstanden sind.<\/span><\/label><\/span><\/span><\/span><br \/>\n<label> Weitere Mitteilung an uns<br \/>\n<span class=\"wpcf7-form-control-wrap\" data-name=\"reg-message\"><textarea cols=\"40\" rows=\"10\" maxlength=\"2000\" class=\"wpcf7-form-control wpcf7-textarea\" aria-invalid=\"false\" name=\"reg-message\"><\/textarea><\/span> <\/label>\n<\/p>\n<p><input class=\"wpcf7-form-control wpcf7-submit has-spinner\" type=\"submit\" value=\"Senden\" \/>\n<\/p><div class=\"wpcf7-response-output\" aria-hidden=\"true\"><\/div>\n<\/form>\n<\/div>\n<\/div>\n\n\n\n<p><strong>Wann kommt Gruppenunterricht zustande?<\/strong><\/p>\n\n\n\n<p>Grunds\u00e4tzlich streben wir den Einzelunterricht an. Generell k\u00f6nnen Sie aber Gruppenunterricht buchen. Die Durchf\u00fchrung von Gruppenunterricht ist aber nur m\u00f6glich, wenn Sch\u00fcler mit Unterricht in gleichen F\u00e4chern, gleicher Klassenstufe und passendem Unterrichtstermin beschult werden k\u00f6nnen. Falls dies nicht m\u00f6glich ist, wird Einzelunterricht durchgef\u00fchrt.<\/p>\n\n\n\n<p>Wenn Gruppenunterricht aufgrund von Krankheit eines Teilnehmers oder aus anderen Gr\u00fcnden nicht zustande kommt, wird Einzelunterricht durchgef\u00fchrt.<\/p>\n\n\n\n<p><\/p>\n","protected":false},"excerpt":{"rendered":"<p>Einfach-Schnell-unkompliziert Mit dem nachfolgendem Formular k\u00f6nnen Sie sich ganz einfach und schnell zu unserer erfolgreichen Nachhilfe anmelden. Wie funktioniert die Online Anmeldung? Bei Fragen oder f\u00fcr weitere Informationen k\u00f6nnen Sie uns gerne direkt per E-Mail oder telefonisch ansprechen. Felder mit \u201c*\u201c m\u00fcssen f\u00fcr unsere Bearbeitung ausgef\u00fcllt werden. Wann kommt Gruppenunterricht zustande? Grunds\u00e4tzlich streben wir den &hellip; <a href=\"https:\/\/lernzirkel-nachhilfe.de\/?page_id=101\" class=\"more-link\"><span class=\"screen-reader-text\">Anmeldeformular<\/span> weiterlesen<\/a><\/p>\n","protected":false},"author":1,"featured_media":0,"parent":0,"menu_order":0,"comment_status":"closed","ping_status":"closed","template":"","meta":{"footnotes":""},"class_list":["post-101","page","type-page","status-publish","hentry","no-featured-image"],"_links":{"self":[{"href":"https:\/\/lernzirkel-nachhilfe.de\/index.php?rest_route=\/wp\/v2\/pages\/101","targetHints":{"allow":["GET"]}}],"collection":[{"href":"https:\/\/lernzirkel-nachhilfe.de\/index.php?rest_route=\/wp\/v2\/pages"}],"about":[{"href":"https:\/\/lernzirkel-nachhilfe.de\/index.php?rest_route=\/wp\/v2\/types\/page"}],"author":[{"embeddable":true,"href":"https:\/\/lernzirkel-nachhilfe.de\/index.php?rest_route=\/wp\/v2\/users\/1"}],"replies":[{"embeddable":true,"href":"https:\/\/lernzirkel-nachhilfe.de\/index.php?rest_route=%2Fwp%2Fv2%2Fcomments&post=101"}],"version-history":[{"count":9,"href":"https:\/\/lernzirkel-nachhilfe.de\/index.php?rest_route=\/wp\/v2\/pages\/101\/revisions"}],"predecessor-version":[{"id":176,"href":"https:\/\/lernzirkel-nachhilfe.de\/index.php?rest_route=\/wp\/v2\/pages\/101\/revisions\/176"}],"wp:attachment":[{"href":"https:\/\/lernzirkel-nachhilfe.de\/index.php?rest_route=%2Fwp%2Fv2%2Fmedia&parent=101"}],"curies":[{"name":"wp","href":"https:\/\/api.w.org\/{rel}","templated":true}]}}