{"id":107,"date":"2021-02-02T16:51:30","date_gmt":"2021-02-02T15:51:30","guid":{"rendered":"http:\/\/lernzirkel-nachhilfe.de\/?page_id=107"},"modified":"2021-02-02T17:05:54","modified_gmt":"2021-02-02T16:05:54","slug":"nachhilfe-unterricht-im-lernzirkel","status":"publish","type":"page","link":"https:\/\/lernzirkel-nachhilfe.de\/","title":{"rendered":"Nachhilfe &#038; Unterricht im Lernzirkel"},"content":{"rendered":"\n<figure class=\"wp-block-pullquote is-style-default\"><blockquote><p>Nachhilfe und Unterricht im Lernzirkel<\/p><\/blockquote><\/figure>\n\n\n\n<p><strong>Sie suchen f\u00fcr ihr Kind oder sich selber Nachhilfe?<\/strong><\/p>\n\n\n\n<p><strong>Dann sind sie bei uns richtig.<\/strong><\/p>\n\n\n\n<p>Seit 20 Jahren erhalten Sch\u00fcler, Studenten, Auszubildende oder Erwachsene im Einzelunterricht oder in Kleinstgruppen Nachhilfe durch unser Institut mit dem Ziel:<\/p>\n\n\n\n<ul class=\"wp-block-list\"><li>Noten zu verbessern<\/li><li>auf Pr\u00fcfungen vorzubereiten<\/li><li>der individuellen F\u00f6rderung<\/li><li>Schul- und Leistungs\u00e4ngste abzubauen<\/li><li>die Motivation zu f\u00f6rdern<\/li><li>das selbstst\u00e4ndige Lernen zu erlernen<\/li><\/ul>\n\n\n\n<hr class=\"wp-block-separator\"\/>\n\n\n\n<p>Wir bieten Unterricht f\u00fcr alle Schulformen von der 1. bis 13. Klasse f\u00fcr fast alle F\u00e4cher (Mathe, Englisch, Deutsch, Physik, Spanisch, Franz\u00f6sisch, Rechnungswesen, BWL, VWL etc.).<\/p>\n\n\n\n<p>Sie k\u00f6nnen von uns erwarten:<\/p>\n\n\n\n<ul class=\"wp-block-list\"><li>erfahrene Nachhilfelehrer<\/li><li>individueller Einzel- und Kleinstgruppenunterricht<\/li><li>kostenlose Probestunde<\/li><li>keine Vertragslaufzeiten<\/li><li>flexible Terminabsprachen<\/li><li>Nachhilfe im Institut oder Online-Unterricht von zuhause<\/li><li>Unverbindliche Beratung und Begleitung der Nachhilfe<\/li><\/ul>\n\n\n\n<p><\/p>\n","protected":false},"excerpt":{"rendered":"<p>Nachhilfe und Unterricht im Lernzirkel Sie suchen f\u00fcr ihr Kind oder sich selber Nachhilfe? Dann sind sie bei uns richtig. Seit 20 Jahren erhalten Sch\u00fcler, Studenten, Auszubildende oder Erwachsene im Einzelunterricht oder in Kleinstgruppen Nachhilfe durch unser Institut mit dem Ziel: Noten zu verbessern auf Pr\u00fcfungen vorzubereiten der individuellen F\u00f6rderung Schul- und Leistungs\u00e4ngste abzubauen die &hellip; <a href=\"https:\/\/lernzirkel-nachhilfe.de\/\" class=\"more-link\"><span class=\"screen-reader-text\">Nachhilfe &#038; Unterricht im Lernzirkel<\/span> weiterlesen<\/a><\/p>\n","protected":false},"author":1,"featured_media":0,"parent":0,"menu_order":0,"comment_status":"closed","ping_status":"closed","template":"","meta":{"footnotes":""},"class_list":["post-107","page","type-page","status-publish","hentry","no-featured-image"],"_links":{"self":[{"href":"https:\/\/lernzirkel-nachhilfe.de\/index.php?rest_route=\/wp\/v2\/pages\/107","targetHints":{"allow":["GET"]}}],"collection":[{"href":"https:\/\/lernzirkel-nachhilfe.de\/index.php?rest_route=\/wp\/v2\/pages"}],"about":[{"href":"https:\/\/lernzirkel-nachhilfe.de\/index.php?rest_route=\/wp\/v2\/types\/page"}],"author":[{"embeddable":true,"href":"https:\/\/lernzirkel-nachhilfe.de\/index.php?rest_route=\/wp\/v2\/users\/1"}],"replies":[{"embeddable":true,"href":"https:\/\/lernzirkel-nachhilfe.de\/index.php?rest_route=%2Fwp%2Fv2%2Fcomments&post=107"}],"version-history":[{"count":2,"href":"https:\/\/lernzirkel-nachhilfe.de\/index.php?rest_route=\/wp\/v2\/pages\/107\/revisions"}],"predecessor-version":[{"id":114,"href":"https:\/\/lernzirkel-nachhilfe.de\/index.php?rest_route=\/wp\/v2\/pages\/107\/revisions\/114"}],"wp:attachment":[{"href":"https:\/\/lernzirkel-nachhilfe.de\/index.php?rest_route=%2Fwp%2Fv2%2Fmedia&parent=107"}],"curies":[{"name":"wp","href":"https:\/\/api.w.org\/{rel}","templated":true}]}}