{"id":35,"date":"2020-07-07T19:21:32","date_gmt":"2020-07-07T18:21:32","guid":{"rendered":"http:\/\/lernzirkel-nachhilfe.de\/?page_id=35"},"modified":"2021-02-13T17:46:42","modified_gmt":"2021-02-13T16:46:42","slug":"kontakt","status":"publish","type":"page","link":"https:\/\/lernzirkel-nachhilfe.de\/?page_id=35","title":{"rendered":"Anschrift und Telefon"},"content":{"rendered":"\n<p>F\u00fcr eine pers\u00f6nliche und unverbindliche Beratung stehen wir Ihnen in unseren R\u00e4umen von Mo \u2013 Fr von 14.30 bis 18.00 Uhr zur Verf\u00fcgung.<\/p>\n\n\n\n<p><strong>Lernzirkel<\/strong> <em>Nachhilfe &amp; Hausaufgabenbetreuung<\/em><br>Bahnhofstra\u00dfe 39<br>32361 Preu\u00dfisch Oldendorf<br>Ortsteil Bad Holzhausen<br><br>Tel: 0 57 42 \/ 70 29 90<br>Fax: 0 57 42 \/ 70 29 91<br>E-Mail: <a href=\"mailto:info@lernzirkel-nachhilfe.de\">info@lernzirkel-nachhilfe.de<\/a><\/p>\n\n\n\n<h2 class=\"wp-block-heading\">Ihr Weg zu uns<\/h2>\n\n\n<div id=\"lmm_3c1242cd\" style=\"width:640px;\" class=\"mapsmarker markermap marker-1\">\n<div id=\"lmm_panel_3c1242cd\" class=\"lmm-panel\" style=\"background:#efefef;\">\n<div id=\"lmm_panel_api_3c1242cd\" class=\"lmm-panel-api\"><a href=\"https:\/\/maps.google.com\/maps?daddr=Bahnhofstra%C3%9Fe+39%2C+32361+Preu%C3%9Fisch+Oldendorf&amp;t=m&amp;layer=1&amp;doflg=ptk&amp;om=0\" target=\"_blank\" title=\"Wegbeschreibung berechnen\"><img loading=\"lazy\" decoding=\"async\" alt=\"icon-car.png\" src=\"https:\/\/lernzirkel-nachhilfe.de\/wp-content\/plugins\/leaflet-maps-marker\/inc\/img\/icon-car.png\" width=\"14\" height=\"14\" class=\"lmm-panel-api-images\" \/><\/a><\/div><div id=\"lmm_panel_text_3c1242cd\" class=\"lmm-panel-text\" style=\"font-weight:bold;color:#373737;\">Lernzirkel<\/div><\/div>\n<div id=\"lmm_map_3c1242cd\" class=\"lmm-map\" style=\"background:#f6f6f6;border:1px solid #ccc;height:480px; overflow:hidden;padding:0;\"><p style=\"font-size:80%;color:#9f9e9e;margin-left:5px;\">Karte wird geladen - bitte warten...<noscript><br\/><strong>Karte konnte nicht geladen werden - bitte aktivieren Sie Javascript!<\/strong><br\/><a style=\"text-decoration:none;\" href=\"https:\/\/www.mapsmarker.com\/js-disabled\" target=\"_blank\">&rarr; Weitere Informationen<\/a><\/noscript><\/p><\/div>\n<div id=\"lmm_geo_tags_3c1242cd\" class=\"lmm-geo-tags geo\">\n<span class=\"paneltext\">Lernzirkel<\/span>\n<span class=\"latitude\">52.289189<\/span>, <span class=\"longitude\">8.541924<\/span>\n<span class=\"popuptext\">Lernzirkel Nachhilfe &amp; Hausaufgabenbetreuung<\/span>\n<\/div>\n<\/div>\n","protected":false},"excerpt":{"rendered":"<p>F\u00fcr eine pers\u00f6nliche und unverbindliche Beratung stehen wir Ihnen in unseren R\u00e4umen von Mo \u2013 Fr von 14.30 bis 18.00 Uhr zur Verf\u00fcgung. Lernzirkel Nachhilfe &amp; HausaufgabenbetreuungBahnhofstra\u00dfe 3932361 Preu\u00dfisch OldendorfOrtsteil Bad Holzhausen Tel: 0 57 42 \/ 70 29 90Fax: 0 57 42 \/ 70 29 91E-Mail: info@lernzirkel-nachhilfe.de Ihr Weg zu uns<\/p>\n","protected":false},"author":1,"featured_media":0,"parent":0,"menu_order":0,"comment_status":"closed","ping_status":"closed","template":"","meta":{"footnotes":""},"class_list":["post-35","page","type-page","status-publish","hentry","no-featured-image"],"_links":{"self":[{"href":"https:\/\/lernzirkel-nachhilfe.de\/index.php?rest_route=\/wp\/v2\/pages\/35","targetHints":{"allow":["GET"]}}],"collection":[{"href":"https:\/\/lernzirkel-nachhilfe.de\/index.php?rest_route=\/wp\/v2\/pages"}],"about":[{"href":"https:\/\/lernzirkel-nachhilfe.de\/index.php?rest_route=\/wp\/v2\/types\/page"}],"author":[{"embeddable":true,"href":"https:\/\/lernzirkel-nachhilfe.de\/index.php?rest_route=\/wp\/v2\/users\/1"}],"replies":[{"embeddable":true,"href":"https:\/\/lernzirkel-nachhilfe.de\/index.php?rest_route=%2Fwp%2Fv2%2Fcomments&post=35"}],"version-history":[{"count":4,"href":"https:\/\/lernzirkel-nachhilfe.de\/index.php?rest_route=\/wp\/v2\/pages\/35\/revisions"}],"predecessor-version":[{"id":156,"href":"https:\/\/lernzirkel-nachhilfe.de\/index.php?rest_route=\/wp\/v2\/pages\/35\/revisions\/156"}],"wp:attachment":[{"href":"https:\/\/lernzirkel-nachhilfe.de\/index.php?rest_route=%2Fwp%2Fv2%2Fmedia&parent=35"}],"curies":[{"name":"wp","href":"https:\/\/api.w.org\/{rel}","templated":true}]}}