{"id":39,"date":"2020-07-09T16:25:42","date_gmt":"2020-07-09T15:25:42","guid":{"rendered":"http:\/\/lernzirkel-nachhilfe.de\/?page_id=39"},"modified":"2020-07-09T16:57:13","modified_gmt":"2020-07-09T15:57:13","slug":"online-nachhilfe","status":"publish","type":"page","link":"https:\/\/lernzirkel-nachhilfe.de\/?page_id=39","title":{"rendered":"Online-Nachhilfe"},"content":{"rendered":"\n<p><strong>Nachhilfe und Vorbereitungskurse einfach und bequem von zu Hause \u00fcber Microsoft Teams<\/strong><\/p>\n\n\n\n<ul class=\"wp-block-list\"><li>Die Sch\u00fclerin\/der Sch\u00fcler ben\u00f6tigt PC, Tablet, Laptop oder Smartphone mit Internetanschluss.<\/li><li>Nach pers\u00f6nlicher Beratung und terminlicher Absprache (telefonisch oder per E-Mail) erh\u00e4lt die Sch\u00fclerin\/der Sch\u00fcler per E-Mail eine Einladung mit einem Zugangslink.<\/li><li>Durch Klicken auf den Link wird die Konferenzsoftware Microsoft Teams ge\u00f6ffnet (Herunterladen und Starten der Anwendung oder per Web-App) und die Sch\u00fclerin\/der Sch\u00fcler gelangt in den Wartebereich.<\/li><li>Vom Wartebereich wird die Sch\u00fclerin\/der Sch\u00fcler durch den Lehrer in die Konferenz eingelassen.<\/li><li>In der Konferenz k\u00f6nnen sich Sch\u00fcler und Lehrer sehen und miteinander sprechen. \u00dcber ein Whiteboard (digital und Lehrerwhiteboard) k\u00f6nnen gemeinsam Aufgaben bearbeitet und besprochen werden.<\/li><\/ul>\n","protected":false},"excerpt":{"rendered":"<p>Nachhilfe und Vorbereitungskurse einfach und bequem von zu Hause \u00fcber Microsoft Teams Die Sch\u00fclerin\/der Sch\u00fcler ben\u00f6tigt PC, Tablet, Laptop oder Smartphone mit Internetanschluss. Nach pers\u00f6nlicher Beratung und terminlicher Absprache (telefonisch oder per E-Mail) erh\u00e4lt die Sch\u00fclerin\/der Sch\u00fcler per E-Mail eine Einladung mit einem Zugangslink. Durch Klicken auf den Link wird die Konferenzsoftware Microsoft Teams ge\u00f6ffnet &hellip; <a href=\"https:\/\/lernzirkel-nachhilfe.de\/?page_id=39\" class=\"more-link\"><span class=\"screen-reader-text\">Online-Nachhilfe<\/span> weiterlesen<\/a><\/p>\n","protected":false},"author":1,"featured_media":0,"parent":0,"menu_order":0,"comment_status":"closed","ping_status":"closed","template":"","meta":{"footnotes":""},"class_list":["post-39","page","type-page","status-publish","hentry","no-featured-image"],"_links":{"self":[{"href":"https:\/\/lernzirkel-nachhilfe.de\/index.php?rest_route=\/wp\/v2\/pages\/39","targetHints":{"allow":["GET"]}}],"collection":[{"href":"https:\/\/lernzirkel-nachhilfe.de\/index.php?rest_route=\/wp\/v2\/pages"}],"about":[{"href":"https:\/\/lernzirkel-nachhilfe.de\/index.php?rest_route=\/wp\/v2\/types\/page"}],"author":[{"embeddable":true,"href":"https:\/\/lernzirkel-nachhilfe.de\/index.php?rest_route=\/wp\/v2\/users\/1"}],"replies":[{"embeddable":true,"href":"https:\/\/lernzirkel-nachhilfe.de\/index.php?rest_route=%2Fwp%2Fv2%2Fcomments&post=39"}],"version-history":[{"count":3,"href":"https:\/\/lernzirkel-nachhilfe.de\/index.php?rest_route=\/wp\/v2\/pages\/39\/revisions"}],"predecessor-version":[{"id":60,"href":"https:\/\/lernzirkel-nachhilfe.de\/index.php?rest_route=\/wp\/v2\/pages\/39\/revisions\/60"}],"wp:attachment":[{"href":"https:\/\/lernzirkel-nachhilfe.de\/index.php?rest_route=%2Fwp%2Fv2%2Fmedia&parent=39"}],"curies":[{"name":"wp","href":"https:\/\/api.w.org\/{rel}","templated":true}]}}