{"id":55,"date":"2020-12-28T17:45:27","date_gmt":"2020-12-28T16:45:27","guid":{"rendered":"http:\/\/lernzirkel-nachhilfe.de\/?page_id=55"},"modified":"2026-01-03T20:44:03","modified_gmt":"2026-01-03T19:44:03","slug":"preise","status":"publish","type":"page","link":"https:\/\/lernzirkel-nachhilfe.de\/?page_id=55","title":{"rendered":"Preise"},"content":{"rendered":"\n<p><strong>Faire Preise &#8211; keine versteckten Kosten<\/strong><\/p>\n\n\n\n<p>Grunds\u00e4tzlich:<\/p>\n\n\n\n<ul class=\"wp-block-list\">\n<li>keine Vertragsbindung<\/li>\n\n\n\n<li>keine Anmeldegeb\u00fchr<\/li>\n\n\n\n<li>keine Materialkosten<\/li>\n\n\n\n<li>Preise sind Monatspreise (fix)<\/li>\n\n\n\n<li>keine Kosten w\u00e4hrend der Ferien<\/li>\n\n\n\n<li>10% Erm\u00e4\u00dfigung bei Anmeldung vom Geschwisterkind <\/li>\n<\/ul>\n\n\n\n<hr class=\"wp-block-separator has-text-color has-yellow-color has-css-opacity has-yellow-background-color has-background is-style-wide\"\/>\n\n\n\n<div class=\"wp-block-columns is-layout-flex wp-container-core-columns-is-layout-9d6595d7 wp-block-columns-is-layout-flex\">\n<div class=\"wp-block-column is-layout-flow wp-block-column-is-layout-flow\">\n<figure class=\"wp-block-table is-style-stripes\"><table><tbody><tr><td class=\"has-text-align-center\" data-align=\"center\"><strong>Einzelunterricht<\/strong><\/td><\/tr><tr><td class=\"has-text-align-center\" data-align=\"center\">Monatspreis<br>100 \u20ac<br>1 x 45 Min\/Woche<\/td><\/tr><\/tbody><\/table><\/figure>\n\n\n\n<p><\/p>\n<\/div>\n\n\n\n<div class=\"wp-block-column is-layout-flow wp-block-column-is-layout-flow\">\n<figure class=\"wp-block-table is-style-stripes\"><table><tbody><tr><td class=\"has-text-align-center\" data-align=\"center\"><strong>Einzelunterricht<\/strong><\/td><\/tr><tr><td class=\"has-text-align-center\" data-align=\"center\">Monatspreis<br>180 \u20ac<br>2 x 45 Min\/Woche<\/td><\/tr><\/tbody><\/table><\/figure>\n<\/div>\n\n\n\n<div class=\"wp-block-column is-layout-flow wp-block-column-is-layout-flow\">\n<figure class=\"wp-block-table is-style-stripes\"><table><tbody><tr><td class=\"has-text-align-center\" data-align=\"center\"><strong>Einzelunterricht<\/strong><\/td><\/tr><tr><td class=\"has-text-align-center\" data-align=\"center\">Monatspreis<br>250 \u20ac<br>3 x 45 Min\/Woche<\/td><\/tr><\/tbody><\/table><\/figure>\n\n\n\n<p><\/p>\n<\/div>\n<\/div>\n\n\n\n<p><strong>Zusatzstunde (Einzelunterricht)<\/strong><\/p>\n\n\n\n<p>25 \u20ac \/ Unterrichtsstunde<br>individuelle Vereinbarungen sind nat\u00fcrlich je nach F\u00f6rderbedarf m\u00f6glich &#8211; vereinbaren Sie einen Termin mit uns!<\/p>\n\n\n\n<hr class=\"wp-block-separator has-text-color has-yellow-color has-css-opacity has-yellow-background-color has-background is-style-wide\"\/>\n\n\n\n<div class=\"wp-block-columns is-layout-flex wp-container-core-columns-is-layout-9d6595d7 wp-block-columns-is-layout-flex\">\n<div class=\"wp-block-column is-layout-flow wp-block-column-is-layout-flow\">\n<figure class=\"wp-block-table is-style-stripes\"><table><tbody><tr><td class=\"has-text-align-center\" data-align=\"center\"><strong>Gruppenunterricht<\/strong><\/td><\/tr><tr><td class=\"has-text-align-center\" data-align=\"center\">Monatspreis<br>100 \u20ac<br>1 x 90 Min\/Woche<\/td><\/tr><\/tbody><\/table><\/figure>\n<\/div>\n\n\n\n<div class=\"wp-block-column is-layout-flow wp-block-column-is-layout-flow\">\n<figure class=\"wp-block-table is-style-stripes\"><table><tbody><tr><td class=\"has-text-align-center\" data-align=\"center\"><strong>Gruppenunterricht<\/strong><\/td><\/tr><tr><td class=\"has-text-align-center\" data-align=\"center\">Monatspreis<br>175 \u20ac<br>2 x 90 Min\/Woche<\/td><\/tr><\/tbody><\/table><\/figure>\n\n\n\n<p><\/p>\n<\/div>\n\n\n\n<div class=\"wp-block-column is-layout-flow wp-block-column-is-layout-flow\">\n<figure class=\"wp-block-table is-style-stripes\"><table><tbody><tr><td class=\"has-text-align-center\" data-align=\"center\"><strong>Gruppenunterricht<\/strong><\/td><\/tr><tr><td class=\"has-text-align-center\" data-align=\"center\">Monatspreis<br>245 \u20ac<br>3 x 90 Min\/Woche<\/td><\/tr><\/tbody><\/table><\/figure>\n\n\n\n<p><\/p>\n<\/div>\n<\/div>\n\n\n\n<hr class=\"wp-block-separator has-text-color has-yellow-color has-css-opacity has-yellow-background-color has-background is-style-wide\"\/>\n\n\n\n<p>Die Preise zu unseren<\/p>\n\n\n\n<ul class=\"wp-block-list\">\n<li>Vorbereitungskursen (Abitur, mittlerer Schulabschluss, Hauptschulabschluss)<\/li>\n\n\n\n<li>Vorbereitungskursen auf Nachpr\u00fcfungen<\/li>\n\n\n\n<li>Vorbereitungskursen auf weiterf\u00fchrende Schulen<\/li>\n\n\n\n<li>Intensivkursen in den Ferien<\/li>\n\n\n\n<li>LRS-Kursen<\/li>\n<\/ul>\n\n\n\n<p>erfragen Sie bitte in einer telefonischen Beratung oder vor Ort.<\/p>\n\n\n\n<p><\/p>\n","protected":false},"excerpt":{"rendered":"<p>Faire Preise &#8211; keine versteckten Kosten Grunds\u00e4tzlich: Einzelunterricht Monatspreis100 \u20ac1 x 45 Min\/Woche Einzelunterricht Monatspreis180 \u20ac2 x 45 Min\/Woche Einzelunterricht Monatspreis250 \u20ac3 x 45 Min\/Woche Zusatzstunde (Einzelunterricht) 25 \u20ac \/ Unterrichtsstundeindividuelle Vereinbarungen sind nat\u00fcrlich je nach F\u00f6rderbedarf m\u00f6glich &#8211; vereinbaren Sie einen Termin mit uns! Gruppenunterricht Monatspreis100 \u20ac1 x 90 Min\/Woche Gruppenunterricht Monatspreis175 \u20ac2 x &hellip; <a href=\"https:\/\/lernzirkel-nachhilfe.de\/?page_id=55\" class=\"more-link\"><span class=\"screen-reader-text\">Preise<\/span> weiterlesen<\/a><\/p>\n","protected":false},"author":1,"featured_media":0,"parent":0,"menu_order":0,"comment_status":"closed","ping_status":"closed","template":"","meta":{"footnotes":""},"class_list":["post-55","page","type-page","status-publish","hentry","no-featured-image"],"_links":{"self":[{"href":"https:\/\/lernzirkel-nachhilfe.de\/index.php?rest_route=\/wp\/v2\/pages\/55","targetHints":{"allow":["GET"]}}],"collection":[{"href":"https:\/\/lernzirkel-nachhilfe.de\/index.php?rest_route=\/wp\/v2\/pages"}],"about":[{"href":"https:\/\/lernzirkel-nachhilfe.de\/index.php?rest_route=\/wp\/v2\/types\/page"}],"author":[{"embeddable":true,"href":"https:\/\/lernzirkel-nachhilfe.de\/index.php?rest_route=\/wp\/v2\/users\/1"}],"replies":[{"embeddable":true,"href":"https:\/\/lernzirkel-nachhilfe.de\/index.php?rest_route=%2Fwp%2Fv2%2Fcomments&post=55"}],"version-history":[{"count":16,"href":"https:\/\/lernzirkel-nachhilfe.de\/index.php?rest_route=\/wp\/v2\/pages\/55\/revisions"}],"predecessor-version":[{"id":172,"href":"https:\/\/lernzirkel-nachhilfe.de\/index.php?rest_route=\/wp\/v2\/pages\/55\/revisions\/172"}],"wp:attachment":[{"href":"https:\/\/lernzirkel-nachhilfe.de\/index.php?rest_route=%2Fwp%2Fv2%2Fmedia&parent=55"}],"curies":[{"name":"wp","href":"https:\/\/api.w.org\/{rel}","templated":true}]}}