{"id":67,"date":"2020-12-28T17:37:10","date_gmt":"2020-12-28T16:37:10","guid":{"rendered":"http:\/\/lernzirkel-nachhilfe.de\/?page_id=67"},"modified":"2020-12-28T17:37:10","modified_gmt":"2020-12-28T16:37:10","slug":"ueber-uns","status":"publish","type":"page","link":"https:\/\/lernzirkel-nachhilfe.de\/?page_id=67","title":{"rendered":"\u00dcber Uns"},"content":{"rendered":"\n<p>Seit \u00fcber 19 Jahren bietet der Lernzirkel als heimisches Unternehmen Hilfe f\u00fcr unsere Sch\u00fclerinnen und Sch\u00fcler bei Schulproblemen. Die Schwierigkeiten der Sch\u00fcler\/innen haben unterschiedlichste Ursachen z.B. Pubert\u00e4t, Schulwechsel, private Probleme. Die Folgen sind u.a. Lernunlust, Demotivation, geringes Selbstbewusstsein.<\/p>\n\n\n\n<p>Hier setzt unsere Nachhilfe an.<\/p>\n\n\n\n<p>Die F\u00f6rderung erfolgt im Normalfall im Einzelunterricht. Bei Gruppenunterricht mit maximal 4 Sch\u00fclern wird Wert darauf gelegt, dass nur Sch\u00fcler\/innen der gleichen Jahrgangsstufe und Schulform f\u00fcr ein einziges Fach unterrichtet werden, um eine effektive Betreuung der einzelnen Sch\u00fcler\/innen auch in der Gruppe zu erm\u00f6glichen.<\/p>\n\n\n\n<p>Der Unterricht erfolgt durch erfahrene und qualifizierte Lehrkr\u00e4fte, die auf die Bed\u00fcrfnisse der Sch\u00fcler\/innen eingehen in einer vertrauten Lernatmosph\u00e4re. Nur so ist die individuelle und optimale F\u00f6rderung jedes\/er einzelnen Sch\u00fclers\/in gew\u00e4hrleistet.<\/p>\n\n\n\n<p>Wir f\u00f6rdern den Spa\u00df am Lernen, das Selbstbewu\u00dftsein und die soziale Kompetenz, so dass die Schule auf Dauer erfolgreich ohne externe Hilfe gemeistert werden kann.<\/p>\n\n\n\n<p>Kommen Sie doch einfach bei uns vorbei, rufen Sie bei uns an oder stellen Sie ihre Anfrage online und lassen Sie sich unverbindlich beraten.<\/p>\n\n\n\n<p>Wir freuen uns auf Sie.<\/p>\n\n\n\n<p>Ihr Lernzirkel-Team<\/p>\n","protected":false},"excerpt":{"rendered":"<p>Seit \u00fcber 19 Jahren bietet der Lernzirkel als heimisches Unternehmen Hilfe f\u00fcr unsere Sch\u00fclerinnen und Sch\u00fcler bei Schulproblemen. Die Schwierigkeiten der Sch\u00fcler\/innen haben unterschiedlichste Ursachen z.B. Pubert\u00e4t, Schulwechsel, private Probleme. Die Folgen sind u.a. Lernunlust, Demotivation, geringes Selbstbewusstsein. Hier setzt unsere Nachhilfe an. Die F\u00f6rderung erfolgt im Normalfall im Einzelunterricht. Bei Gruppenunterricht mit maximal 4 &hellip; <a href=\"https:\/\/lernzirkel-nachhilfe.de\/?page_id=67\" class=\"more-link\"><span class=\"screen-reader-text\">\u00dcber Uns<\/span> weiterlesen<\/a><\/p>\n","protected":false},"author":1,"featured_media":0,"parent":0,"menu_order":0,"comment_status":"closed","ping_status":"closed","template":"","meta":{"footnotes":""},"class_list":["post-67","page","type-page","status-publish","hentry","no-featured-image"],"_links":{"self":[{"href":"https:\/\/lernzirkel-nachhilfe.de\/index.php?rest_route=\/wp\/v2\/pages\/67","targetHints":{"allow":["GET"]}}],"collection":[{"href":"https:\/\/lernzirkel-nachhilfe.de\/index.php?rest_route=\/wp\/v2\/pages"}],"about":[{"href":"https:\/\/lernzirkel-nachhilfe.de\/index.php?rest_route=\/wp\/v2\/types\/page"}],"author":[{"embeddable":true,"href":"https:\/\/lernzirkel-nachhilfe.de\/index.php?rest_route=\/wp\/v2\/users\/1"}],"replies":[{"embeddable":true,"href":"https:\/\/lernzirkel-nachhilfe.de\/index.php?rest_route=%2Fwp%2Fv2%2Fcomments&post=67"}],"version-history":[{"count":2,"href":"https:\/\/lernzirkel-nachhilfe.de\/index.php?rest_route=\/wp\/v2\/pages\/67\/revisions"}],"predecessor-version":[{"id":80,"href":"https:\/\/lernzirkel-nachhilfe.de\/index.php?rest_route=\/wp\/v2\/pages\/67\/revisions\/80"}],"wp:attachment":[{"href":"https:\/\/lernzirkel-nachhilfe.de\/index.php?rest_route=%2Fwp%2Fv2%2Fmedia&parent=67"}],"curies":[{"name":"wp","href":"https:\/\/api.w.org\/{rel}","templated":true}]}}